{"id":14,"date":"2026-02-12T16:34:24","date_gmt":"2026-02-12T15:34:24","guid":{"rendered":"https:\/\/paintdecor.pl\/?page_id=14"},"modified":"2026-02-13T12:36:00","modified_gmt":"2026-02-13T11:36:00","slug":"wycena-online","status":"publish","type":"page","link":"https:\/\/paintdecor.pl\/","title":{"rendered":"Wycena online"},"content":{"rendered":"\n<p>tu bedzie formularz<\/p>\n\n\n\n\n<div class=\"wpcf7 no-js\" id=\"wpcf7-f2645-o1\" lang=\"pl-PL\" dir=\"ltr\" data-wpcf7-id=\"2645\">\n<div class=\"screen-reader-response\"><p role=\"status\" aria-live=\"polite\" aria-atomic=\"true\"><\/p> <ul><\/ul><\/div>\n<form action=\"\/index.php\/wp-json\/wp\/v2\/pages\/14#wpcf7-f2645-o1\" method=\"post\" class=\"wpcf7-form init\" aria-label=\"Formularz kontaktowy\" enctype=\"multipart\/form-data\" novalidate=\"novalidate\" data-status=\"init\">\n<fieldset class=\"hidden-fields-container\"><input type=\"hidden\" name=\"_wpcf7\" value=\"2645\" \/><input type=\"hidden\" name=\"_wpcf7_version\" value=\"6.1.5\" \/><input type=\"hidden\" name=\"_wpcf7_locale\" value=\"pl_PL\" \/><input type=\"hidden\" name=\"_wpcf7_unit_tag\" value=\"wpcf7-f2645-o1\" \/><input type=\"hidden\" name=\"_wpcf7_container_post\" value=\"0\" \/><input type=\"hidden\" name=\"_wpcf7_posted_data_hash\" value=\"\" \/>\n<\/fieldset>\n<h3>Bezp\u0142atna wycena malowania \u2013 Krak\u00f3w\n<\/h3>\n<p>Odpowiadamy w ci\u0105gu 24 godzin.\n<\/p>\n<p><label>Imi\u0119 i nazwisko*<br \/>\n<span class=\"wpcf7-form-control-wrap\" data-name=\"your-name\"><input size=\"40\" maxlength=\"400\" class=\"wpcf7-form-control wpcf7-text wpcf7-validates-as-required\" aria-required=\"true\" aria-invalid=\"false\" placeholder=\"Jan Kowalski\" value=\"\" type=\"text\" name=\"your-name\" \/><\/span><\/label>\n<\/p>\n<p><label>Telefon*<br \/>\n<span class=\"wpcf7-form-control-wrap\" data-name=\"your-phone\"><input size=\"40\" maxlength=\"400\" class=\"wpcf7-form-control wpcf7-tel wpcf7-validates-as-required wpcf7-text wpcf7-validates-as-tel\" aria-required=\"true\" aria-invalid=\"false\" placeholder=\"500 000 000\" value=\"\" type=\"tel\" name=\"your-phone\" \/><\/span><\/label>\n<\/p>\n<p><label>Adres e-mail*<br \/>\n<span class=\"wpcf7-form-control-wrap\" data-name=\"your-email\"><input size=\"40\" maxlength=\"400\" class=\"wpcf7-form-control wpcf7-email wpcf7-validates-as-required wpcf7-text wpcf7-validates-as-email\" aria-required=\"true\" aria-invalid=\"false\" placeholder=\"twoj@email.pl\" value=\"\" type=\"email\" name=\"your-email\" \/><\/span><\/label>\n<\/p>\n<p><label>Rodzaj nieruchomo\u015bci*<br \/>\n<span class=\"wpcf7-form-control-wrap\" data-name=\"property-type\"><select class=\"wpcf7-form-control wpcf7-select wpcf7-validates-as-required\" aria-required=\"true\" aria-invalid=\"false\" name=\"property-type\"><option value=\"Mieszkanie\">Mieszkanie<\/option><option value=\"Dom\">Dom<\/option><option value=\"Biuro \/ lokal\">Biuro \/ lokal<\/option><option value=\"Inne\">Inne<\/option><\/select><\/span><br \/>\n<\/label>\n<\/p>\n<p><label>Dzielnica \/ lokalizacja w Krakowie*<br \/>\n<span class=\"wpcf7-form-control-wrap\" data-name=\"location\"><input size=\"40\" maxlength=\"400\" class=\"wpcf7-form-control wpcf7-text wpcf7-validates-as-required\" aria-required=\"true\" aria-invalid=\"false\" placeholder=\"np. Podg\u00f3rze, Bronowice\" value=\"\" type=\"text\" name=\"location\" \/><\/span><br \/>\n<\/label>\n<\/p>\n<p><label>Szacunkowa powierzchnia do malowania (m\u00b2)*<br \/>\n<span class=\"wpcf7-form-control-wrap\" data-name=\"area\"><input class=\"wpcf7-form-control wpcf7-number wpcf7-validates-as-required wpcf7-validates-as-number\" min=\"1\" aria-required=\"true\" aria-invalid=\"false\" placeholder=\"np. 60\" value=\"\" type=\"number\" name=\"area\" \/><\/span><br \/>\n<\/label>\n<\/p>\n<p><label>Zakres prac*<br \/>\n<span class=\"wpcf7-form-control-wrap\" data-name=\"work-scope\"><span class=\"wpcf7-form-control wpcf7-checkbox\"><span class=\"wpcf7-list-item first\"><label><input type=\"checkbox\" name=\"work-scope[]\" value=\"\u015aciany\" \/><span class=\"wpcf7-list-item-label\">\u015aciany<\/span><\/label><\/span><span class=\"wpcf7-list-item\"><label><input type=\"checkbox\" name=\"work-scope[]\" value=\"Sufity\" \/><span class=\"wpcf7-list-item-label\">Sufity<\/span><\/label><\/span><span class=\"wpcf7-list-item\"><label><input type=\"checkbox\" name=\"work-scope[]\" value=\"Ca\u0142e mieszkanie\" \/><span class=\"wpcf7-list-item-label\">Ca\u0142e mieszkanie<\/span><\/label><\/span><span class=\"wpcf7-list-item\"><label><input type=\"checkbox\" name=\"work-scope[]\" value=\"Poprawki po najemcy\" \/><span class=\"wpcf7-list-item-label\">Poprawki po najemcy<\/span><\/label><\/span><span class=\"wpcf7-list-item\"><label><input type=\"checkbox\" name=\"work-scope[]\" value=\"Malowanie deweloperskie\" \/><span class=\"wpcf7-list-item-label\">Malowanie deweloperskie<\/span><\/label><\/span><span class=\"wpcf7-list-item last\"><label><input type=\"checkbox\" name=\"work-scope[]\" value=\"Inne\" \/><span class=\"wpcf7-list-item-label\">Inne<\/span><\/label><\/span><\/span><\/span><br \/>\n<\/label>\n<\/p>\n<p><label>Czy \u015bciany wymagaj\u0105 przygotowania?<br \/>\n<span class=\"wpcf7-form-control-wrap\" data-name=\"preparation\"><span class=\"wpcf7-form-control wpcf7-checkbox\"><span class=\"wpcf7-list-item first\"><label><input type=\"checkbox\" name=\"preparation[]\" value=\"Nie\" \/><span class=\"wpcf7-list-item-label\">Nie<\/span><\/label><\/span><span class=\"wpcf7-list-item\"><label><input type=\"checkbox\" name=\"preparation[]\" value=\"Szpachlowanie\" \/><span class=\"wpcf7-list-item-label\">Szpachlowanie<\/span><\/label><\/span><span class=\"wpcf7-list-item\"><label><input type=\"checkbox\" name=\"preparation[]\" value=\"G\u0142adzie\" \/><span class=\"wpcf7-list-item-label\">G\u0142adzie<\/span><\/label><\/span><span class=\"wpcf7-list-item last\"><label><input type=\"checkbox\" name=\"preparation[]\" value=\"Usuwanie starej farby\" \/><span class=\"wpcf7-list-item-label\">Usuwanie starej farby<\/span><\/label><\/span><\/span><\/span><br \/>\n<\/label>\n<\/p>\n<p><label>Planowany termin realizacji<br \/>\n<span class=\"wpcf7-form-control-wrap\" data-name=\"timeline\"><span class=\"wpcf7-form-control wpcf7-radio\"><span class=\"wpcf7-list-item first\"><label><input type=\"radio\" name=\"timeline\" value=\"Pilny (do 2 tygodni)\" \/><span class=\"wpcf7-list-item-label\">Pilny (do 2 tygodni)<\/span><\/label><\/span><span class=\"wpcf7-list-item\"><label><input type=\"radio\" name=\"timeline\" value=\"W ci\u0105gu miesi\u0105ca\" \/><span class=\"wpcf7-list-item-label\">W ci\u0105gu miesi\u0105ca<\/span><\/label><\/span><span class=\"wpcf7-list-item last\"><label><input type=\"radio\" name=\"timeline\" value=\"Elastyczny\" \/><span class=\"wpcf7-list-item-label\">Elastyczny<\/span><\/label><\/span><\/span><\/span><br \/>\n<\/label>\n<\/p>\n<p><label>Dodatkowe informacje<br \/>\n<span class=\"wpcf7-form-control-wrap\" data-name=\"message\"><textarea cols=\"40\" rows=\"10\" maxlength=\"2000\" class=\"wpcf7-form-control wpcf7-textarea\" aria-invalid=\"false\" placeholder=\"Np. liczba pomieszcze\u0144, wysoko\u015b\u0107 sufit\u00f3w, kolor, inne informacje\" name=\"message\"><\/textarea><\/span><br \/>\n<\/label>\n<\/p>\n<p><label>Dodaj zdj\u0119cia (opcjonalnie)<br \/>\n<span class=\"wpcf7-form-control-wrap\" data-name=\"attachment\"><input size=\"40\" class=\"wpcf7-form-control wpcf7-file\" accept=\".jpg,.jpeg,.png,.pdf\" aria-invalid=\"false\" type=\"file\" name=\"attachment\" \/><\/span><br \/>\n<\/label>\n<\/p>\n<p><span class=\"wpcf7-form-control-wrap\" data-name=\"acceptance-123\"><span class=\"wpcf7-form-control wpcf7-acceptance\"><span class=\"wpcf7-list-item\"><label><input type=\"checkbox\" name=\"acceptance-123\" value=\"1\" aria-invalid=\"false\" \/><span class=\"wpcf7-list-item-label\">Wyra\u017cam zgod\u0119 na kontakt w celu przygotowania wyceny.<\/span><\/label><\/span><\/span><\/span>\n<\/p>\n<p><input class=\"wpcf7-form-control wpcf7-submit has-spinner\" type=\"submit\" value=\"Wy\u015blij zapytanie\" \/>\n<\/p><div class=\"wpcf7-response-output\" aria-hidden=\"true\"><\/div>\n<\/form>\n<\/div>\n\n","protected":false},"excerpt":{"rendered":"<p>tu bedzie formularz<\/p>\n","protected":false},"author":1,"featured_media":0,"parent":0,"menu_order":0,"comment_status":"closed","ping_status":"closed","template":"","meta":{"ngg_post_thumbnail":0,"footnotes":""},"class_list":["post-14","page","type-page","status-publish","hentry"],"_links":{"self":[{"href":"https:\/\/paintdecor.pl\/index.php\/wp-json\/wp\/v2\/pages\/14","targetHints":{"allow":["GET"]}}],"collection":[{"href":"https:\/\/paintdecor.pl\/index.php\/wp-json\/wp\/v2\/pages"}],"about":[{"href":"https:\/\/paintdecor.pl\/index.php\/wp-json\/wp\/v2\/types\/page"}],"author":[{"embeddable":true,"href":"https:\/\/paintdecor.pl\/index.php\/wp-json\/wp\/v2\/users\/1"}],"replies":[{"embeddable":true,"href":"https:\/\/paintdecor.pl\/index.php\/wp-json\/wp\/v2\/comments?post=14"}],"version-history":[{"count":3,"href":"https:\/\/paintdecor.pl\/index.php\/wp-json\/wp\/v2\/pages\/14\/revisions"}],"predecessor-version":[{"id":2647,"href":"https:\/\/paintdecor.pl\/index.php\/wp-json\/wp\/v2\/pages\/14\/revisions\/2647"}],"wp:attachment":[{"href":"https:\/\/paintdecor.pl\/index.php\/wp-json\/wp\/v2\/media?parent=14"}],"curies":[{"name":"wp","href":"https:\/\/api.w.org\/{rel}","templated":true}]}}